{"id":72,"date":"2018-11-16T15:58:06","date_gmt":"2018-11-16T15:58:06","guid":{"rendered":"https:\/\/www.elektro-steinmassl.de\/?page_id=72"},"modified":"2021-04-19T18:15:55","modified_gmt":"2021-04-19T18:15:55","slug":"kontakt","status":"publish","type":"page","link":"https:\/\/www.elektro-steinmassl.de\/index.php\/kontakt\/","title":{"rendered":"Kontakt"},"content":{"rendered":"<p>Sie k\u00f6nnen uns jederzeit auf folgenden Wegen erreichen:<\/p>\n<p class=\"hestia-title\"><span style=\"font-size: 27px;\">B\u00fcro<\/span><\/p>\n<div class=\"hestia-description\">\n<div class=\"icon icon-primary\"><span style=\"color: #999999;\">Elektro Steinma\u00dfl GmbH<\/span><br \/>\n<i class=\"fa fa-map-marker\"><\/i><\/div>\n<div class=\"description\">\n<p>Ed1 a<br \/>\n83404 Ainring<\/p>\n<\/div>\n<div class=\"hestia-info info info-horizontal\">\n<p><span style=\"font-family: 'Roboto Slab', 'Times New Roman', serif; font-weight: bold;\">E-Mail<\/span><br \/>\ninfo@elektro-steinmassl.de<\/p>\n<p><span style=\"font-family: 'Roboto Slab', 'Times New Roman', serif; font-weight: bold;\">Telefonisch<\/span><br \/>\nChristian Steinma\u00dfl<br \/>\n+49 171 94 70 741<\/p>\n<\/div>\n<\/div>\n","protected":false},"excerpt":{"rendered":"<p>Sie k\u00f6nnen uns jederzeit auf folgenden Wegen erreichen: B\u00fcro Elektro Steinma\u00dfl GmbH Ed1 a 83404 Ainring E-Mail info@elektro-steinmassl.de Telefonisch Christian Steinma\u00dfl +49 171 94 70 741<\/p>\n","protected":false},"author":2,"featured_media":0,"parent":0,"menu_order":0,"comment_status":"closed","ping_status":"closed","template":"","meta":{"footnotes":""},"class_list":["post-72","page","type-page","status-publish","hentry"],"_links":{"self":[{"href":"https:\/\/www.elektro-steinmassl.de\/index.php\/wp-json\/wp\/v2\/pages\/72","targetHints":{"allow":["GET"]}}],"collection":[{"href":"https:\/\/www.elektro-steinmassl.de\/index.php\/wp-json\/wp\/v2\/pages"}],"about":[{"href":"https:\/\/www.elektro-steinmassl.de\/index.php\/wp-json\/wp\/v2\/types\/page"}],"author":[{"embeddable":true,"href":"https:\/\/www.elektro-steinmassl.de\/index.php\/wp-json\/wp\/v2\/users\/2"}],"replies":[{"embeddable":true,"href":"https:\/\/www.elektro-steinmassl.de\/index.php\/wp-json\/wp\/v2\/comments?post=72"}],"version-history":[{"count":4,"href":"https:\/\/www.elektro-steinmassl.de\/index.php\/wp-json\/wp\/v2\/pages\/72\/revisions"}],"predecessor-version":[{"id":113,"href":"https:\/\/www.elektro-steinmassl.de\/index.php\/wp-json\/wp\/v2\/pages\/72\/revisions\/113"}],"wp:attachment":[{"href":"https:\/\/www.elektro-steinmassl.de\/index.php\/wp-json\/wp\/v2\/media?parent=72"}],"curies":[{"name":"wp","href":"https:\/\/api.w.org\/{rel}","templated":true}]}}